{"id":21512,"date":"2025-07-02T08:51:36","date_gmt":"2025-07-02T07:51:36","guid":{"rendered":"https:\/\/www.hoteltenis.sk\/?post_type=product&#038;p=21512"},"modified":"2025-07-29T14:30:22","modified_gmt":"2025-07-29T13:30:22","slug":"lymphastim-nohy-60-min","status":"publish","type":"product","link":"https:\/\/www.hoteltenis.sk\/darcekove-poukazy\/lymphastim-nohy-60-min\/","title":{"rendered":"Lymphastim nohy 60 min"},"content":{"rendered":"<h3 id=\"h-vyhody-lymfodrenaze\" class=\"wp-block-heading\"><strong>V\u00fdhody Lymphastim:<\/strong><\/h3>\n<ul class=\"wp-block-list\">\n<li>regener\u00e1cia svalstva<\/li>\n<li>spevnenie poko\u017eky (zlep\u0161enie celulit\u00eddy)<\/li>\n<li>prevencia proti celulit\u00edde<\/li>\n<li>zlep\u0161enie lymfatick\u00e9ho a ven\u00f3zneho obehu<\/li>\n<li>zn\u00ed\u017eenie opuchov (ed\u00e9mov)<\/li>\n<li>podpora detoxik\u00e1cie organizmu<\/li>\n<li>prevencia k\u0155\u010dov\u00fdch \u017e\u00edl<\/li>\n<\/ul>\n<h3 id=\"h-vseobecne-kontraindikacie\" class=\"wp-block-heading\"><strong>V\u0161eobecn\u00e9 kontraindik\u00e1cie:<\/strong><\/h3>\n<ul class=\"wp-block-list\">\n<li>ak\u00fatna neuropatia a plexopatia<\/li>\n<li>ak\u00fatny p\u013e\u00facny ed\u00e9m<\/li>\n<li>ak\u00fatna trauma m\u00e4kk\u00fdch tkan\u00edv<\/li>\n<li>ak\u00fatna tromboflebit\u00edda<\/li>\n<li>ak\u00fatne \u017eilov\u00e9 ochorenie<\/li>\n<li>cievna mozgov\u00e1 pr\u00edhoda<\/li>\n<li>epilepsia<\/li>\n<li>erysipel<\/li>\n<li>hor\u00fa\u010dkov\u00e9 ochorenia<\/li>\n<li>choroby pe\u010dene<\/li>\n<li>infek\u010dn\u00e9 ochorenia<\/li>\n<li>mal\u00edgna hypertenzia<\/li>\n<li>nejasn\u00e9 bru\u0161n\u00e9 probl\u00e9my<\/li>\n<li>nekompenza\u010dn\u00e9 kardiovaskul\u00e1rne ochorenia<\/li>\n<li>opuchy sp\u00f4soben\u00e9 obli\u010dkov\u00fdm alebo srdcov\u00fdm ochoren\u00edm<\/li>\n<li>osteosynt\u00e9za alebo k\u013abne n\u00e1hrady v lie\u010denej oblasti<\/li>\n<li>zl\u00e1 funkcia obli\u010diek a \u0161t\u00edtnej \u017e\u013eazy<\/li>\n<li>zhubn\u00e9 ochorenia<\/li>\n<\/ul>\n<h3 id=\"h-mozne-vedlajsie-ucinky\" class=\"wp-block-heading\"><strong>Mo\u017en\u00e9 ved\u013eaj\u0161ie \u00fa\u010dinky:<\/strong><\/h3>\n<ul class=\"wp-block-list\">\n<li>ihne\u010f po o\u0161etren\u00ed sa m\u00f4\u017ee dostavi\u0165 kr\u00e1tkodob\u00e9 zv\u00fd\u0161enie bolesti<\/li>\n<li>petechie<\/li>\n<li>prasknutie kapil\u00e1r pri prekro\u010den\u00ed doporu\u010denej v\u00fd\u0161ke tlaku<\/li>\n<li>hemat\u00f3m<\/li>\n<li>vegetat\u00edvne reakcie u \u013eud\u00ed s citliv\u00fdm vegetat\u00edvnym syst\u00e9mom<\/li>\n<li>upchanie lymfy v oblastiach, ktor\u00e9 neboli lie\u010den\u00e9<\/li>\n<\/ul>\n<h3 id=\"h-vhodne-oblecenie\" class=\"wp-block-heading\"><strong>Vhodn\u00e9 oble\u010denie:<\/strong><\/h3>\n<p>Pri pou\u017eit\u00ed kompresn\u00fdch n\u00e1vlekov na nohy si treba prinies\u0165 vlastn\u00e9 leg\u00edny resp. tesnej\u0161ie tepl\u00e1kov\u00e9 nohavice alebo za 3\u20ac poplatok dostanete na vy\u017eiadanie jednorazov\u00e9 spodn\u00e9 pr\u00e1dlo.<\/p>\n","protected":false},"excerpt":{"rendered":"<p class=\"wp-block-heading\">BTL Lymphastim je neinvaz\u00edvne terapeutick\u00e9 zariadenie pou\u017e\u00edvan\u00e9 na zlep\u0161enie prietoku lymfy a krvi v doln\u00fdch alebo horn\u00fdch kon\u010datin\u00e1ch.<\/p>\n","protected":false},"featured_media":21552,"template":"","meta":[],"product_brand":[],"product_cat":[79],"product_tag":[],"class_list":{"0":"post-21512","1":"product","2":"type-product","3":"status-publish","4":"has-post-thumbnail","6":"product_cat-darcekove-poukazy","8":"first","9":"instock","10":"sold-individually","11":"taxable","12":"shipping-taxable","13":"purchasable","14":"product-type-simple"},"publishpress_future_workflow_manual_trigger":{"enabledWorkflows":[]},"_links":{"self":[{"href":"https:\/\/www.hoteltenis.sk\/eshop\/wp-json\/wp\/v2\/product\/21512","targetHints":{"allow":["GET"]}}],"collection":[{"href":"https:\/\/www.hoteltenis.sk\/eshop\/wp-json\/wp\/v2\/product"}],"about":[{"href":"https:\/\/www.hoteltenis.sk\/eshop\/wp-json\/wp\/v2\/types\/product"}],"wp:featuredmedia":[{"embeddable":true,"href":"https:\/\/www.hoteltenis.sk\/eshop\/wp-json\/wp\/v2\/media\/21552"}],"wp:attachment":[{"href":"https:\/\/www.hoteltenis.sk\/eshop\/wp-json\/wp\/v2\/media?parent=21512"}],"wp:term":[{"taxonomy":"product_brand","embeddable":true,"href":"https:\/\/www.hoteltenis.sk\/eshop\/wp-json\/wp\/v2\/product_brand?post=21512"},{"taxonomy":"product_cat","embeddable":true,"href":"https:\/\/www.hoteltenis.sk\/eshop\/wp-json\/wp\/v2\/product_cat?post=21512"},{"taxonomy":"product_tag","embeddable":true,"href":"https:\/\/www.hoteltenis.sk\/eshop\/wp-json\/wp\/v2\/product_tag?post=21512"}],"curies":[{"name":"wp","href":"https:\/\/api.w.org\/{rel}","templated":true}]}}