{"id":21494,"date":"2025-07-02T07:53:25","date_gmt":"2025-07-02T06:53:25","guid":{"rendered":"https:\/\/www.hoteltenis.sk\/?post_type=product&#038;p=21494"},"modified":"2025-07-29T14:09:04","modified_gmt":"2025-07-29T13:09:04","slug":"tr-therapy-1-procedura-20-min","status":"publish","type":"product","link":"https:\/\/www.hoteltenis.sk\/darcekove-poukazy\/tr-therapy-1-procedura-20-min\/","title":{"rendered":"TR-Therapy proced\u00fara 20 min"},"content":{"rendered":"<h3 id=\"h-vyhody-rft\" class=\"wp-block-heading\"><strong>V\u00fdhody TR-Therapy:<\/strong><\/h3>\n<ul class=\"wp-block-list\">\n<li>zni\u017euje nap\u00e4tie svalov<\/li>\n<li>u\u013eavuje od bolesti<\/li>\n<li>podporuje prekrvenie<\/li>\n<li>ur\u00fdch\u013euje regener\u00e1ciu<\/li>\n<li>zni\u017euje opuch a z\u00e1pal<\/li>\n<li>odstra\u0148uje svalov\u00e9 spazmy<\/li>\n<\/ul>\n<h3 id=\"h-vseobecne-kontraindikacie\" class=\"wp-block-heading\"><strong>V\u0161eobecn\u00e9 kontraindik\u00e1cie:<\/strong><\/h3>\n<ul>\n<li>\u00a0tehotenstvo<\/li>\n<li>\u00a0tkaniv\u00e1 infikovan\u00e9 tuberkul\u00f3zou alebo in\u00fdmi formami virulentn\u00fdch bakt\u00e9ri\u00ed<\/li>\n<li>\u00a0v\u00e1\u017ena srdcov\u00e1 alebo respira\u010dn\u00e1 nedostato\u010dnos\u0165<\/li>\n<li>\u00a0ak\u00fatny z\u00e1pal<\/li>\n<li>\u00a0poruchy citlivosti (anest\u00e9zia, hypest\u00e9zia alebo hyperst\u00e9zia v oblasti aplik\u00e1cie)<\/li>\n<li>\u00a0z\u00e1paly ko\u017ee, trofick\u00e9 ko\u017en\u00e9 zmeny v oblasti aplik\u00e1cie, podr\u00e1\u017eden\u00e1 alebo po\u0161koden\u00e1 ko\u017ea<\/li>\n<li>\u00a0krv\u00e1cav\u00e9 stavy a poruchy, men\u0161tru\u00e1cia<\/li>\n<li>\u00a0oblasti s podozren\u00edm na malignitu alebo s preuk\u00e1zanou malignitou (neopl\u00e1zie, pacienti podstupuj\u00faci r\u00e1diologick\u00fa lie\u010dbu)<\/li>\n<li>\u00a0celkov\u00e1 kachexia akejko\u013evek etiol\u00f3gie<\/li>\n<li>\u00a0hor\u00fa\u010dka akejko\u013evek etiol\u00f3gie<\/li>\n<li>\u00a0infekcie<\/li>\n<li>\u00a0kovov\u00e9 predmety alebo akt\u00edvne implantovan\u00e9 medic\u00ednske zariadenia v mieste (alebo dr\u00e1he) aplik\u00e1cie (kardiostimul\u00e1tor, endoprot\u00e9za, ort\u00e9za, skrutka, piercing at\u010f.)<\/li>\n<li>\u00a0aplik\u00e1cia na endokrinn\u00e9 \u017e\u013eazy a gon\u00e1dy<\/li>\n<li>\u00a0oblasti ve\u013ek\u00fdch sympatick\u00fdch plexov<\/li>\n<li>\u00a0perif\u00e9rne nervy tesne pod povrchom ko\u017ee<\/li>\n<li>\u00a0mal\u00e9 deti<\/li>\n<\/ul>\n<h3 id=\"h-mozne-vedlajsie-ucinky\" class=\"wp-block-heading\"><strong>Mo\u017en\u00e9 ved\u013eaj\u0161ie \u00fa\u010dinky:\u00a0<\/strong><\/h3>\n<ul class=\"wp-block-list\">\n<li>prechodne sa m\u00f4\u017ee vyskytn\u00fa\u0165 nepr\u00edjemn\u00fd pocit v lie\u010denej oblasti a mierne podr\u00e1\u017edenie ko\u017ee<\/li>\n<\/ul>\n","protected":false},"excerpt":{"rendered":"<p id=\"h-radiofrekvencna-terapia-je-moderna-neinvazivna-procedura-so-zdravotnymi-benefitmi-rft-zlepsuje-celkovy-stav-pohyboveho-aparatu\">BTL-6000 TR-Therapy je fyzioterapeutick\u00fd pr\u00edstroj s mno\u017estvom zdravotn\u00fdch benefitov.<\/p>\n","protected":false},"featured_media":21556,"template":"","meta":[],"product_brand":[],"product_cat":[79],"product_tag":[],"class_list":{"0":"post-21494","1":"product","2":"type-product","3":"status-publish","4":"has-post-thumbnail","6":"product_cat-darcekove-poukazy","8":"first","9":"instock","10":"sold-individually","11":"taxable","12":"shipping-taxable","13":"purchasable","14":"product-type-simple"},"publishpress_future_workflow_manual_trigger":{"enabledWorkflows":[]},"_links":{"self":[{"href":"https:\/\/www.hoteltenis.sk\/eshop\/wp-json\/wp\/v2\/product\/21494","targetHints":{"allow":["GET"]}}],"collection":[{"href":"https:\/\/www.hoteltenis.sk\/eshop\/wp-json\/wp\/v2\/product"}],"about":[{"href":"https:\/\/www.hoteltenis.sk\/eshop\/wp-json\/wp\/v2\/types\/product"}],"wp:featuredmedia":[{"embeddable":true,"href":"https:\/\/www.hoteltenis.sk\/eshop\/wp-json\/wp\/v2\/media\/21556"}],"wp:attachment":[{"href":"https:\/\/www.hoteltenis.sk\/eshop\/wp-json\/wp\/v2\/media?parent=21494"}],"wp:term":[{"taxonomy":"product_brand","embeddable":true,"href":"https:\/\/www.hoteltenis.sk\/eshop\/wp-json\/wp\/v2\/product_brand?post=21494"},{"taxonomy":"product_cat","embeddable":true,"href":"https:\/\/www.hoteltenis.sk\/eshop\/wp-json\/wp\/v2\/product_cat?post=21494"},{"taxonomy":"product_tag","embeddable":true,"href":"https:\/\/www.hoteltenis.sk\/eshop\/wp-json\/wp\/v2\/product_tag?post=21494"}],"curies":[{"name":"wp","href":"https:\/\/api.w.org\/{rel}","templated":true}]}}