{"id":20531,"date":"2024-11-19T09:24:12","date_gmt":"2024-11-19T08:24:12","guid":{"rendered":"https:\/\/www.hoteltenis.sk\/?post_type=product&#038;p=20531"},"modified":"2025-09-29T12:29:39","modified_gmt":"2025-09-29T11:29:39","slug":"wellness-centrum-vstup-dieta","status":"publish","type":"product","link":"https:\/\/www.hoteltenis.sk\/darcekove-poukazy\/wellness-centrum-vstup-dieta\/","title":{"rendered":"Wellness centrum: 3-12 rokov"},"content":{"rendered":"<p>Vo wellness centre TenSpa n\u00e1jdete plaveck\u00fd baz\u00e9n so \u0161tyrmi dr\u00e1hami, relaxa\u010dn\u00fd baz\u00e9n s v\u00edrivkou, detsk\u00fd baz\u00e9n s vodn\u00fdmi atrakciami, 5 druhov s\u00e1un, relaxa\u010dn\u00fa miestnos\u0165 a hydroterapiu.<\/p>\n","protected":false},"excerpt":{"rendered":"<p>Neviete, \u010do presne by va\u0161ich bl\u00edzkych pote\u0161ilo? S na\u0161im dar\u010dekov\u00fdm poukazom na vstup do vodn\u00e9ho sveta to vyrie\u0161ite jednoducho, r\u00fdchlo!<br \/>\nDar\u010dekov\u00fd poukaz dostanete hne\u010f po zaplaten\u00ed na v\u00e1\u0161 email, preto je skvelou vo\u013ebou na last minute dar\u010dek.<\/p>\n<p><span style=\"color: #967a50;\"><strong><small><small>DOPL\u0147UJ\u00daCE INFORM\u00c1CIE: <\/small><\/small><\/strong><small><small>Vstup 180 min plat\u00ed pre osobu od 3 do 12 rokov vr\u00e1tane osobnej hygieny a prezle\u010denia. Vstup die\u0165a\u0165a je mo\u017en\u00fd len s doprovodom dospelej osoby. Rezerv\u00e1cia je nutn\u00e1 vopred.<\/small><\/small><\/span><strong><small><small><br \/>\n<\/small><\/small><\/strong><\/p>\n<p><strong>\u00a0<\/strong><\/p>\n","protected":false},"featured_media":21430,"template":"","meta":[],"product_brand":[],"product_cat":[79],"product_tag":[],"class_list":{"0":"post-20531","1":"product","2":"type-product","3":"status-publish","4":"has-post-thumbnail","6":"product_cat-darcekove-poukazy","8":"first","9":"instock","10":"virtual","11":"sold-individually","12":"taxable","13":"purchasable","14":"product-type-simple"},"publishpress_future_workflow_manual_trigger":{"enabledWorkflows":[]},"_links":{"self":[{"href":"https:\/\/www.hoteltenis.sk\/eshop\/wp-json\/wp\/v2\/product\/20531","targetHints":{"allow":["GET"]}}],"collection":[{"href":"https:\/\/www.hoteltenis.sk\/eshop\/wp-json\/wp\/v2\/product"}],"about":[{"href":"https:\/\/www.hoteltenis.sk\/eshop\/wp-json\/wp\/v2\/types\/product"}],"wp:featuredmedia":[{"embeddable":true,"href":"https:\/\/www.hoteltenis.sk\/eshop\/wp-json\/wp\/v2\/media\/21430"}],"wp:attachment":[{"href":"https:\/\/www.hoteltenis.sk\/eshop\/wp-json\/wp\/v2\/media?parent=20531"}],"wp:term":[{"taxonomy":"product_brand","embeddable":true,"href":"https:\/\/www.hoteltenis.sk\/eshop\/wp-json\/wp\/v2\/product_brand?post=20531"},{"taxonomy":"product_cat","embeddable":true,"href":"https:\/\/www.hoteltenis.sk\/eshop\/wp-json\/wp\/v2\/product_cat?post=20531"},{"taxonomy":"product_tag","embeddable":true,"href":"https:\/\/www.hoteltenis.sk\/eshop\/wp-json\/wp\/v2\/product_tag?post=20531"}],"curies":[{"name":"wp","href":"https:\/\/api.w.org\/{rel}","templated":true}]}}