{"id":19551,"date":"2024-04-03T07:34:22","date_gmt":"2024-04-03T06:34:22","guid":{"rendered":"https:\/\/www.hoteltenis.sk\/?post_type=product&#038;p=19551"},"modified":"2024-04-03T07:40:29","modified_gmt":"2024-04-03T06:40:29","slug":"bukalna-masaz-tvare-1x-procedura","status":"publish","type":"product","link":"https:\/\/www.hoteltenis.sk\/darcekove-poukazy\/bukalna-masaz-tvare-1x-procedura\/","title":{"rendered":"Buk\u00e1lna mas\u00e1\u017e tv\u00e1re"},"content":{"rendered":"<div class=\"wpb_text_column wpb_content_element \">\n<div class=\"wpb_wrapper\">\n<h4>Buk\u00e1lna mas\u00e1\u017e tv\u00e1re &#8211; 30 min mas\u00e1\u017e + 20 min maska<\/h4>\n<\/div>\n<\/div>\n<div class=\"wpb_text_column wpb_content_element \">\n<div class=\"wpb_wrapper\">\n<p class=\"teaser\">\u0160peci\u00e1lna buk\u00e1lna mas\u00e1\u017e je lifting tv\u00e1re, ktor\u00fd tonizuje, stimuluje mimick\u00e9 svaly a vyhladzuje vr\u00e1sky. Cie\u013eom mas\u00e1\u017ee je zjemni\u0165 kont\u00fary tv\u00e1re. Obnovuje sa svalov\u00fd tonus a bojuje proti gravit\u00e1cii.<\/p>\n<p>Priazniv\u00e9 \u00fa\u010dinky docielite pravideln\u00fdm o\u0161etren\u00edm 1x t\u00fd\u017edenne.<\/p>\n<\/div>\n<p>&nbsp;<\/p>\n<p>&nbsp;<\/p>\n<div class=\"wpb_wrapper\">\n<p>&nbsp;<\/p>\n<\/div>\n<\/div>\n","protected":false},"excerpt":{"rendered":"<p>Neviete, \u010do presne by va\u0161ich bl\u00edzkych pote\u0161ilo? S na\u0161im dar\u010dekov\u00fdm poukazom na mas\u00e1\u017e to vyrie\u0161ite jednoducho, r\u00fdchlo!<br \/>\nDar\u010dekov\u00fd poukaz dostanete po zaplaten\u00ed na v\u00e1\u0161 email, preto je skvelou vo\u013ebou na LAST MINUTE DAR\u010cEK.<\/p>\n<p>~ 30 min mas\u00e1\u017e + 20 min maska\u00a0 \u2013 buk\u00e1lna mas\u00e1\u017e tv\u00e1re<\/p>\n<p><span style=\"color: #967a50;\"><strong><small><small>DOPL\u0147UJ\u00daCE INFORM\u00c1CIE:<\/small><\/small><\/strong><small><small>\u00a0Rezerv\u00e1cia je nutn\u00e1 vopred.<\/small><\/small><\/span><\/p>\n","protected":false},"featured_media":19552,"template":"","meta":[],"product_brand":[],"product_cat":[79],"product_tag":[],"class_list":{"0":"post-19551","1":"product","2":"type-product","3":"status-publish","4":"has-post-thumbnail","6":"product_cat-darcekove-poukazy","8":"first","9":"instock","10":"virtual","11":"sold-individually","12":"taxable","13":"purchasable","14":"product-type-simple"},"publishpress_future_workflow_manual_trigger":{"enabledWorkflows":[]},"_links":{"self":[{"href":"https:\/\/www.hoteltenis.sk\/eshop\/wp-json\/wp\/v2\/product\/19551","targetHints":{"allow":["GET"]}}],"collection":[{"href":"https:\/\/www.hoteltenis.sk\/eshop\/wp-json\/wp\/v2\/product"}],"about":[{"href":"https:\/\/www.hoteltenis.sk\/eshop\/wp-json\/wp\/v2\/types\/product"}],"wp:featuredmedia":[{"embeddable":true,"href":"https:\/\/www.hoteltenis.sk\/eshop\/wp-json\/wp\/v2\/media\/19552"}],"wp:attachment":[{"href":"https:\/\/www.hoteltenis.sk\/eshop\/wp-json\/wp\/v2\/media?parent=19551"}],"wp:term":[{"taxonomy":"product_brand","embeddable":true,"href":"https:\/\/www.hoteltenis.sk\/eshop\/wp-json\/wp\/v2\/product_brand?post=19551"},{"taxonomy":"product_cat","embeddable":true,"href":"https:\/\/www.hoteltenis.sk\/eshop\/wp-json\/wp\/v2\/product_cat?post=19551"},{"taxonomy":"product_tag","embeddable":true,"href":"https:\/\/www.hoteltenis.sk\/eshop\/wp-json\/wp\/v2\/product_tag?post=19551"}],"curies":[{"name":"wp","href":"https:\/\/api.w.org\/{rel}","templated":true}]}}