{"id":18207,"date":"2023-10-10T13:15:54","date_gmt":"2023-10-10T12:15:54","guid":{"rendered":"https:\/\/www.hoteltenis.sk\/?post_type=product&#038;p=18207"},"modified":"2026-03-04T08:57:35","modified_gmt":"2026-03-04T07:57:35","slug":"wellness-pobyt-na-2-noci","status":"publish","type":"product","link":"https:\/\/www.hoteltenis.sk\/darcekove-poukazy\/wellness-pobyt-na-2-noci\/","title":{"rendered":"Relax na 2 noci"},"content":{"rendered":"<p>Nechaj sa in\u0161pirova\u0165 a dopraj si oddych a regener\u00e1ciu. Svet okolo pobe\u017e\u00ed \u010falej ale jedine\u010dnos\u0165 spolo\u010dn\u00fdch chv\u00ed\u013e si treba vychutna\u0165 naplno. Unik\u00e1tny are\u00e1l CITY RESORT nadchne v\u0161etky va\u0161e zmysly, preto\u017ee je dokonal\u00fdm spojen\u00edm oddychu a \u017eivosti. Tak sa nenechajte prosi\u0165 a pr\u00ed\u010fte si <strong>tento pobyt ZAPAM\u00c4TA\u0164<\/strong>!<\/p>\n<hr \/>\n<h4><strong>Pobytov\u00fd bal\u00edk obsahuje:<\/strong><\/h4>\n<ul>\n<li>ubytovanie v pr\u00edjemn\u00fdch izb\u00e1ch<\/li>\n<li>\u017eupan a papu\u010dky na izbe<\/li>\n<li>bohat\u00e9 ra\u0148ajky a ve\u010dere<\/li>\n<li>neobmedzen\u00fd vstup do wellness<\/li>\n<li>vstup do fitness ka\u017ed\u00fd de\u0148 pobytu<\/li>\n<li>1x vstup na verejn\u00e9 kor\u010du\u013eovanie (zimn\u00e1 sez\u00f3na) alebo hra tenis (letn\u00e1 sez\u00f3na)<\/li>\n<li>1x hra adventure golf<\/li>\n<li>z\u013eava 10% na mas\u00e1\u017ee a z\u00e1balov\u00fa terapiu<\/li>\n<li>Wifi a parkovanie<\/li>\n<\/ul>\n<p>V cene nie je zahrnut\u00fd povinn\u00fd miestny poplatok 1,50 \u20ac\/osoba\/noc. Tento poplatok sa dopl\u00e1ca na mieste. Pobyt je mo\u017en\u00e9 rezervova\u0165 mimo: Ve\u013ek\u00e1 noc, Halloween a Silvester.<\/p>\n<hr \/>\n<p><span style=\"color: #967a50;\">Inform\u00e1cie o dostupnosti a rezerv\u00e1cie na info@hoteltenis.sk alebo telefonicky na +421 915 988 811<\/span><\/p>\n<p><span style=\"color: #000000;\">1. Overte dostupnos\u0165\u00a0 \u00a0 2. Zak\u00fapte pobyt\u00a0 \u00a0 3. Rezervujte na z\u00e1klade k\u00f3du poukazu<\/span><\/p>\n","protected":false},"excerpt":{"rendered":"<p>Doprajte si v\u00fdnimo\u010dn\u00fd relax v modernom \u0161tvorhviezdi\u010dkovom rezorte vo v\u00fdbornej lokalite v srdci Slovenska. Pobyt v Hoteli TENIS je t\u00e1 spr\u00e1vna vo\u013eba!<\/p>\n","protected":false},"featured_media":21684,"template":"","meta":[],"product_brand":[],"product_cat":[79],"product_tag":[],"class_list":{"0":"post-18207","1":"product","2":"type-product","3":"status-publish","4":"has-post-thumbnail","6":"product_cat-darcekove-poukazy","8":"first","9":"instock","10":"virtual","11":"sold-individually","12":"taxable","13":"purchasable","14":"product-type-simple"},"publishpress_future_workflow_manual_trigger":{"enabledWorkflows":[]},"_links":{"self":[{"href":"https:\/\/www.hoteltenis.sk\/eshop\/wp-json\/wp\/v2\/product\/18207","targetHints":{"allow":["GET"]}}],"collection":[{"href":"https:\/\/www.hoteltenis.sk\/eshop\/wp-json\/wp\/v2\/product"}],"about":[{"href":"https:\/\/www.hoteltenis.sk\/eshop\/wp-json\/wp\/v2\/types\/product"}],"wp:featuredmedia":[{"embeddable":true,"href":"https:\/\/www.hoteltenis.sk\/eshop\/wp-json\/wp\/v2\/media\/21684"}],"wp:attachment":[{"href":"https:\/\/www.hoteltenis.sk\/eshop\/wp-json\/wp\/v2\/media?parent=18207"}],"wp:term":[{"taxonomy":"product_brand","embeddable":true,"href":"https:\/\/www.hoteltenis.sk\/eshop\/wp-json\/wp\/v2\/product_brand?post=18207"},{"taxonomy":"product_cat","embeddable":true,"href":"https:\/\/www.hoteltenis.sk\/eshop\/wp-json\/wp\/v2\/product_cat?post=18207"},{"taxonomy":"product_tag","embeddable":true,"href":"https:\/\/www.hoteltenis.sk\/eshop\/wp-json\/wp\/v2\/product_tag?post=18207"}],"curies":[{"name":"wp","href":"https:\/\/api.w.org\/{rel}","templated":true}]}}