{"id":17437,"date":"2023-04-18T09:30:43","date_gmt":"2023-04-18T08:30:43","guid":{"rendered":"https:\/\/www.hoteltenis.sk\/?post_type=product&#038;p=17437"},"modified":"2025-06-05T13:13:09","modified_gmt":"2025-06-05T12:13:09","slug":"adventure-golf","status":"publish","type":"product","link":"https:\/\/www.hoteltenis.sk\/darcekove-poukazy\/adventure-golf\/","title":{"rendered":"Adventure golf vstup"},"content":{"rendered":"<p>Adventure golf s 18 jamkami je ve\u013emi ob\u013e\u00fabenou vo\u013eno\u010dasovou aktivitou. Nen\u00e1ro\u010dn\u00e1 outdoorov\u00e1 hra pre p\u00e1r ako aj pre skupiny hr\u00e1\u010dov spr\u00edjemn\u00ed va\u0161e vo\u013en\u00e9 chv\u00edle. Hrou si vycibr\u00edte svoju presnos\u0165 a trpezlivos\u0165. V\u00fdhodou tejto z\u00e1bavnej aktivity je, \u017ee nie je limitovan\u00e1 vekom ani sk\u00fasenos\u0165ami. V\u00fdborn\u00e1 z\u00e1bava pre cel\u00fa rodinu.<\/p>\n<a href=\"https:\/\/www.hoteltenis.sk\/sport-a-relax\/\" class=\"calluna-button btn btn-primary medium style-2   \" target=\"_self\" title=\"PONUKA \u0160PORTOV\u00ddCH AKTIV\u00cdT\" rel=\"\"><span class=\"calluna-button-inner\">PONUKA \u0160PORTOV\u00ddCH AKTIV\u00cdT<\/span><\/a>\n","protected":false},"excerpt":{"rendered":"<p>Neviete, \u010do presne by va\u0161ich bl\u00edzkych pote\u0161ilo? S na\u0161im dar\u010dekov\u00fdm poukazom na adventure golf to vyrie\u0161ite jednoducho, r\u00fdchlo!<br \/>\nDar\u010dekov\u00fd poukaz dostanete po zaplaten\u00ed na v\u00e1\u0161 email, preto je skvelou vo\u013ebou na LAST MINUTE DAR\u010cEK.<\/p>\n<p>~ 60 min \u2013 hra<\/p>\n<p><span style=\"color: #967a50;\"><strong><small><small>DOPL\u0147UJ\u00daCE INFORM\u00c1CIE:<\/small><\/small><\/strong><small><small> Rezerv\u00e1cia je nutn\u00e1 vopred. Vstup je pre jednu osobu od 16 rokov. Vstup je vr\u00e1tane \u0161portov\u00e9ho pr\u00edslu\u0161enstva.<br \/>\n<\/small><\/small><\/span><\/p>\n","protected":false},"featured_media":17438,"template":"","meta":[],"product_brand":[],"product_cat":[79],"product_tag":[],"class_list":{"0":"post-17437","1":"product","2":"type-product","3":"status-publish","4":"has-post-thumbnail","6":"product_cat-darcekove-poukazy","8":"first","9":"instock","10":"virtual","11":"sold-individually","12":"taxable","13":"purchasable","14":"product-type-simple"},"publishpress_future_workflow_manual_trigger":{"enabledWorkflows":[]},"_links":{"self":[{"href":"https:\/\/www.hoteltenis.sk\/eshop\/wp-json\/wp\/v2\/product\/17437","targetHints":{"allow":["GET"]}}],"collection":[{"href":"https:\/\/www.hoteltenis.sk\/eshop\/wp-json\/wp\/v2\/product"}],"about":[{"href":"https:\/\/www.hoteltenis.sk\/eshop\/wp-json\/wp\/v2\/types\/product"}],"wp:featuredmedia":[{"embeddable":true,"href":"https:\/\/www.hoteltenis.sk\/eshop\/wp-json\/wp\/v2\/media\/17438"}],"wp:attachment":[{"href":"https:\/\/www.hoteltenis.sk\/eshop\/wp-json\/wp\/v2\/media?parent=17437"}],"wp:term":[{"taxonomy":"product_brand","embeddable":true,"href":"https:\/\/www.hoteltenis.sk\/eshop\/wp-json\/wp\/v2\/product_brand?post=17437"},{"taxonomy":"product_cat","embeddable":true,"href":"https:\/\/www.hoteltenis.sk\/eshop\/wp-json\/wp\/v2\/product_cat?post=17437"},{"taxonomy":"product_tag","embeddable":true,"href":"https:\/\/www.hoteltenis.sk\/eshop\/wp-json\/wp\/v2\/product_tag?post=17437"}],"curies":[{"name":"wp","href":"https:\/\/api.w.org\/{rel}","templated":true}]}}