{"id":17340,"date":"2023-04-12T14:37:45","date_gmt":"2023-04-12T13:37:45","guid":{"rendered":"https:\/\/www.hoteltenis.sk\/?post_type=product&#038;p=17340"},"modified":"2025-06-05T14:05:23","modified_gmt":"2025-06-05T13:05:23","slug":"tenis-umela-trava_60-min","status":"publish","type":"product","link":"https:\/\/www.hoteltenis.sk\/darcekove-poukazy\/tenis-umela-trava_60-min\/","title":{"rendered":"Tenis 60 min"},"content":{"rendered":"<p>Hotel rob\u00ed bezkonkuren\u010dn\u00fdm, hlavne rozsiahly tenisov\u00fd are\u00e1l. Dvorce svojou kvalitou zodpovedaj\u00fa n\u00e1ro\u010dn\u00fdm krit\u00e9ri\u00e1m, preto sa tu organizuj\u00fa amat\u00e9rske i profesion\u00e1lne turnaje. Tenis si m\u00f4\u017eete zahra\u0165 na siedmich vonkaj\u0161\u00edch dvorcoch s umelou tr\u00e1vou.<\/p>\n<a href=\"https:\/\/www.hoteltenis.sk\/sport-a-relax\/\" class=\"calluna-button btn btn-primary medium style-2   \" target=\"_self\" title=\"PONUKA \u0160PORTOV\u00ddCH AKTIV\u00cdT\" rel=\"\"><span class=\"calluna-button-inner\">PONUKA \u0160PORTOV\u00ddCH AKTIV\u00cdT<\/span><\/a>\n","protected":false},"excerpt":{"rendered":"<p>Neviete, \u010do presne by va\u0161ich bl\u00edzkych pote\u0161ilo? S na\u0161im dar\u010dekov\u00fdm poukazom na tenis to vyrie\u0161ite jednoducho, r\u00fdchlo!<br \/>\nDar\u010dekov\u00fd poukaz dostanete po zaplaten\u00ed na v\u00e1\u0161 email, preto je skvelou vo\u013ebou na LAST MINUTE DAR\u010cEK.<\/p>\n<p>~ 60 min \u2013 dvorec<\/p>\n<p><span style=\"color: #967a50;\"><strong><small><small>DOPL\u0147UJ\u00daCE INFORM\u00c1CIE:<\/small><\/small><\/strong><small><small>\u00a0Rezerv\u00e1cia je nutn\u00e1 vopred.<\/small><\/small><\/span><\/p>\n","protected":false},"featured_media":17347,"template":"","meta":[],"product_brand":[],"product_cat":[79],"product_tag":[],"class_list":{"0":"post-17340","1":"product","2":"type-product","3":"status-publish","4":"has-post-thumbnail","6":"product_cat-darcekove-poukazy","8":"first","9":"instock","10":"virtual","11":"sold-individually","12":"taxable","13":"purchasable","14":"product-type-simple"},"publishpress_future_workflow_manual_trigger":{"enabledWorkflows":[]},"_links":{"self":[{"href":"https:\/\/www.hoteltenis.sk\/eshop\/wp-json\/wp\/v2\/product\/17340","targetHints":{"allow":["GET"]}}],"collection":[{"href":"https:\/\/www.hoteltenis.sk\/eshop\/wp-json\/wp\/v2\/product"}],"about":[{"href":"https:\/\/www.hoteltenis.sk\/eshop\/wp-json\/wp\/v2\/types\/product"}],"wp:featuredmedia":[{"embeddable":true,"href":"https:\/\/www.hoteltenis.sk\/eshop\/wp-json\/wp\/v2\/media\/17347"}],"wp:attachment":[{"href":"https:\/\/www.hoteltenis.sk\/eshop\/wp-json\/wp\/v2\/media?parent=17340"}],"wp:term":[{"taxonomy":"product_brand","embeddable":true,"href":"https:\/\/www.hoteltenis.sk\/eshop\/wp-json\/wp\/v2\/product_brand?post=17340"},{"taxonomy":"product_cat","embeddable":true,"href":"https:\/\/www.hoteltenis.sk\/eshop\/wp-json\/wp\/v2\/product_cat?post=17340"},{"taxonomy":"product_tag","embeddable":true,"href":"https:\/\/www.hoteltenis.sk\/eshop\/wp-json\/wp\/v2\/product_tag?post=17340"}],"curies":[{"name":"wp","href":"https:\/\/api.w.org\/{rel}","templated":true}]}}