{"id":17259,"date":"2023-03-27T13:15:36","date_gmt":"2023-03-27T12:15:36","guid":{"rendered":"https:\/\/www.hoteltenis.sk\/?post_type=product&#038;p=17259"},"modified":"2023-04-11T12:52:45","modified_gmt":"2023-04-11T11:52:45","slug":"masaz-musalmi-anticelulitidova-20-min","status":"publish","type":"product","link":"https:\/\/www.hoteltenis.sk\/darcekove-poukazy\/masaz-musalmi-anticelulitidova-20-min\/","title":{"rendered":"Mas\u00e1\u017e mu\u0161\u013eami anticelulit\u00eddov\u00e1"},"content":{"rendered":"<div class=\"wpb_text_column wpb_content_element \">\n<div class=\"wpb_wrapper\">\n<h4>MAS\u00c1\u017d MU\u0160\u013dAMI \u2013 ANTICELULIT\u00cdDOV\u00c1<\/h4>\n<\/div>\n<\/div>\n<div class=\"wpb_text_column wpb_content_element \">\n<div class=\"wpb_wrapper\">\n<p class=\"teaser\">\u0160peci\u00e1lna anticelulit\u00eddov\u00e1 mas\u00e1\u017e prin\u00e1\u0161a nielen relaxa\u010dn\u00fd ale aj estetick\u00fd \u00fa\u010dinok. Mas\u00e1\u017e sa aplikuje pomocou mu\u0161le hrebenatky a pr\u00edrodn\u00e9ho oleja. Po\u010das mas\u00edrovania nepravideln\u00e9 hrany a hrbo\u013e\u010deky na mu\u0161li, pom\u00e1haj\u00fa naru\u0161ova\u0165 tukov\u00e9 bunky v tele. Poko\u017eka je \u010derven\u00e1 a prekrven\u00e1. Pr\u00edrodn\u00e9 oleje sa mas\u00edrovan\u00edm vstreb\u00e1vaj\u00fa do poko\u017eky, \u010do jej dod\u00e1va pevnej\u0161\u00ed a pru\u017enej\u0161\u00ed vzh\u013ead. Mas\u00e1\u017e podporuje odstra\u0148ovanie odumret\u00fdch buniek, uvo\u013e\u0148ovanie tox\u00ednov z tela, zni\u017euje stuhnutos\u0165 svalov a zlep\u0161uje funk\u010dnos\u0165 lymfatick\u00e9ho syst\u00e9mu. Pravideln\u00fdm opakovan\u00edm tejto \u0161peci\u00e1lnej mas\u00e1\u017ee, zabezpe\u010d\u00edte redukciu celulit\u00eddnych buniek.<\/p>\n<a href=\"https:\/\/www.hoteltenis.sk\/masaze-zabalova-terapia\/\" class=\"calluna-button btn btn-primary medium style-2   \" target=\"_self\" title=\"PONUKA MAS\u00c1\u017d\u00cd\" rel=\"\"><span class=\"calluna-button-inner\">PONUKA MAS\u00c1\u017d\u00cd<\/span><\/a>\n<\/div>\n<\/div>\n","protected":false},"excerpt":{"rendered":"<p>Neviete, \u010do presne by va\u0161ich bl\u00edzkych pote\u0161ilo? S na\u0161im dar\u010dekov\u00fdm poukazom na mas\u00e1\u017e to vyrie\u0161ite jednoducho, r\u00fdchlo!<br \/>\nDar\u010dekov\u00fd poukaz dostanete po zaplaten\u00ed na v\u00e1\u0161 email, preto je skvelou vo\u013ebou na LAST MINUTE DAR\u010cEK.<\/p>\n<p>~ 20 min \u2013 anticelulit\u00eddov\u00e1 mas\u00e1\u017e<\/p>\n<p><span style=\"color: #967a50;\"><strong><small><small>DOPL\u0147UJ\u00daCE INFORM\u00c1CIE:<\/small><\/small><\/strong><small><small>\u00a0Rezerv\u00e1cia je nutn\u00e1 vopred.<\/small><\/small><\/span><\/p>\n","protected":false},"featured_media":17283,"template":"","meta":[],"product_brand":[],"product_cat":[79],"product_tag":[],"class_list":{"0":"post-17259","1":"product","2":"type-product","3":"status-publish","4":"has-post-thumbnail","6":"product_cat-darcekove-poukazy","8":"first","9":"instock","10":"virtual","11":"sold-individually","12":"taxable","13":"purchasable","14":"product-type-simple"},"publishpress_future_workflow_manual_trigger":{"enabledWorkflows":[]},"_links":{"self":[{"href":"https:\/\/www.hoteltenis.sk\/eshop\/wp-json\/wp\/v2\/product\/17259","targetHints":{"allow":["GET"]}}],"collection":[{"href":"https:\/\/www.hoteltenis.sk\/eshop\/wp-json\/wp\/v2\/product"}],"about":[{"href":"https:\/\/www.hoteltenis.sk\/eshop\/wp-json\/wp\/v2\/types\/product"}],"wp:featuredmedia":[{"embeddable":true,"href":"https:\/\/www.hoteltenis.sk\/eshop\/wp-json\/wp\/v2\/media\/17283"}],"wp:attachment":[{"href":"https:\/\/www.hoteltenis.sk\/eshop\/wp-json\/wp\/v2\/media?parent=17259"}],"wp:term":[{"taxonomy":"product_brand","embeddable":true,"href":"https:\/\/www.hoteltenis.sk\/eshop\/wp-json\/wp\/v2\/product_brand?post=17259"},{"taxonomy":"product_cat","embeddable":true,"href":"https:\/\/www.hoteltenis.sk\/eshop\/wp-json\/wp\/v2\/product_cat?post=17259"},{"taxonomy":"product_tag","embeddable":true,"href":"https:\/\/www.hoteltenis.sk\/eshop\/wp-json\/wp\/v2\/product_tag?post=17259"}],"curies":[{"name":"wp","href":"https:\/\/api.w.org\/{rel}","templated":true}]}}