{"id":17249,"date":"2023-03-27T11:47:20","date_gmt":"2023-03-27T10:47:20","guid":{"rendered":"https:\/\/www.hoteltenis.sk\/?post_type=product&#038;p=17249"},"modified":"2023-04-11T12:43:29","modified_gmt":"2023-04-11T11:43:29","slug":"masaz-tvare-s-olejom-z-24k-zlata-20-min","status":"publish","type":"product","link":"https:\/\/www.hoteltenis.sk\/darcekove-poukazy\/masaz-tvare-s-olejom-z-24k-zlata-20-min\/","title":{"rendered":"Mas\u00e1\u017e tv\u00e1re 20 min (olej\/zlato)"},"content":{"rendered":"<h4>MAS\u00c1\u017d TV\u00c1RE<\/h4>\n<p>Luxusn\u00e1 mas\u00e1\u017e z Fid\u017ei uvo\u013e\u0148uje, regeneruje a v\u010faka jemnej energii mu\u0161l\u00ed je ve\u013emi pr\u00edjemn\u00fdm a estetick\u00fdm z\u00e1\u017eitkom. Teplo s\u00e1laj\u00face z mu\u0161l\u00ed ohrieva poko\u017eku, ktor\u00e1 v\u010faka tomu lep\u0161ie vstreb\u00e1va zvlh\u010duj\u00face prostriedky a \u0161peci\u00e1lne oleje. Pri mas\u00e1\u017ei sa aplikuje \u0161peci\u00e1lny olej s obsahom 24 kar\u00e1tov\u00e9ho zlata. Kombin\u00e1cia kakaov\u00e9ho masla a luxusn\u00fdch ple\u0165ov\u00fdch olejov je cenn\u00fdm zdrojom celej rady vitam\u00ednov a miner\u00e1lov. Extrakt z \u010dokol\u00e1dy prekrvuje, zjem\u0148uje a zvl\u00e1\u010d\u0148uje poko\u017eku. Zabra\u0148uje vys\u00fa\u0161aniu a navracia poko\u017eke vlhkos\u0165. Ar\u00f3ma \u010dokol\u00e1dy tlm\u00ed prejavy stresu. Zlato zabra\u0148uje nechcen\u00fdm strat\u00e1m kolag\u00e9nu a ovplyv\u0148uje \u0161trukt\u00faru elast\u00ednu. Eliminuje vr\u00e1sky a v\u00fdrazne omladzuje ple\u0165.<\/p>\n<a href=\"https:\/\/www.hoteltenis.sk\/masaze-zabalova-terapia\/\" class=\"calluna-button btn btn-primary medium style-2   \" target=\"_self\" title=\"PONUKA MAS\u00c1\u017d\u00cd\" rel=\"\"><span class=\"calluna-button-inner\">PONUKA MAS\u00c1\u017d\u00cd<\/span><\/a>\n","protected":false},"excerpt":{"rendered":"<p>Neviete, \u010do presne by va\u0161ich bl\u00edzkych pote\u0161ilo? S na\u0161im dar\u010dekov\u00fdm poukazom na mas\u00e1\u017e to vyrie\u0161ite jednoducho, r\u00fdchlo!<br \/>\nDar\u010dekov\u00fd poukaz dostanete po zaplaten\u00ed na v\u00e1\u0161 email, preto je skvelou vo\u013ebou na LAST MINUTE DAR\u010cEK.<\/p>\n<p>~ 20 min \u2013 tv\u00e1r<\/p>\n<p><span style=\"color: #967a50;\"><strong><small><small>DOPL\u0147UJ\u00daCE INFORM\u00c1CIE:<\/small><\/small><\/strong><small><small>\u00a0Rezerv\u00e1cia je nutn\u00e1 vopred.<\/small><\/small><\/span><\/p>\n","protected":false},"featured_media":17271,"template":"","meta":[],"product_brand":[],"product_cat":[79],"product_tag":[],"class_list":{"0":"post-17249","1":"product","2":"type-product","3":"status-publish","4":"has-post-thumbnail","6":"product_cat-darcekove-poukazy","8":"first","9":"instock","10":"virtual","11":"sold-individually","12":"taxable","13":"purchasable","14":"product-type-simple"},"publishpress_future_workflow_manual_trigger":{"enabledWorkflows":[]},"_links":{"self":[{"href":"https:\/\/www.hoteltenis.sk\/eshop\/wp-json\/wp\/v2\/product\/17249","targetHints":{"allow":["GET"]}}],"collection":[{"href":"https:\/\/www.hoteltenis.sk\/eshop\/wp-json\/wp\/v2\/product"}],"about":[{"href":"https:\/\/www.hoteltenis.sk\/eshop\/wp-json\/wp\/v2\/types\/product"}],"wp:featuredmedia":[{"embeddable":true,"href":"https:\/\/www.hoteltenis.sk\/eshop\/wp-json\/wp\/v2\/media\/17271"}],"wp:attachment":[{"href":"https:\/\/www.hoteltenis.sk\/eshop\/wp-json\/wp\/v2\/media?parent=17249"}],"wp:term":[{"taxonomy":"product_brand","embeddable":true,"href":"https:\/\/www.hoteltenis.sk\/eshop\/wp-json\/wp\/v2\/product_brand?post=17249"},{"taxonomy":"product_cat","embeddable":true,"href":"https:\/\/www.hoteltenis.sk\/eshop\/wp-json\/wp\/v2\/product_cat?post=17249"},{"taxonomy":"product_tag","embeddable":true,"href":"https:\/\/www.hoteltenis.sk\/eshop\/wp-json\/wp\/v2\/product_tag?post=17249"}],"curies":[{"name":"wp","href":"https:\/\/api.w.org\/{rel}","templated":true}]}}