{"id":17240,"date":"2023-03-27T09:20:08","date_gmt":"2023-03-27T08:20:08","guid":{"rendered":"https:\/\/www.hoteltenis.sk\/?post_type=product&#038;p=17240"},"modified":"2023-04-11T12:46:12","modified_gmt":"2023-04-11T11:46:12","slug":"masaz-tvare-klasicka-20-min","status":"publish","type":"product","link":"https:\/\/www.hoteltenis.sk\/darcekove-poukazy\/masaz-tvare-klasicka-20-min\/","title":{"rendered":"Mas\u00e1\u017e tv\u00e1re 20 min (klasick\u00e1)"},"content":{"rendered":"<div class=\"wpb_text_column wpb_content_element \">\n<div class=\"wpb_wrapper\">\n<h4>KLASICK\u00c1 MAS\u00c1\u017d TV\u00c1RE<\/h4>\n<\/div>\n<\/div>\n<div class=\"wpb_text_column wpb_content_element \">\n<div class=\"wpb_wrapper\">\n<p class=\"teaser\">Ka\u017ed\u00fd z n\u00e1s potrebuje zabudn\u00fa\u0165 na ka\u017edodenn\u00e9 probl\u00e9my a zrelaxova\u0165. Pri klasickej mas\u00e1\u017ei tv\u00e1re sa zlep\u0161uje jej prekrvenie, uvo\u013enenie a energetick\u00fd tok vo svaloch a ko\u017ei a odstr\u00e1ni sa nap\u00e4tie. Mas\u00e1\u017e napom\u00e1ha regener\u00e1cii pleti a eliminuje tvorbu vr\u00e1sok.<\/p>\n<a href=\"https:\/\/www.hoteltenis.sk\/masaze-zabalova-terapia\/\" class=\"calluna-button btn btn-primary medium style-2   \" target=\"_self\" title=\"PONUKA MAS\u00c1\u017d\u00cd\" rel=\"\"><span class=\"calluna-button-inner\">PONUKA MAS\u00c1\u017d\u00cd<\/span><\/a>\n<\/div>\n<\/div>\n","protected":false},"excerpt":{"rendered":"<p>Neviete, \u010do presne by va\u0161ich bl\u00edzkych pote\u0161ilo? S na\u0161im dar\u010dekov\u00fdm poukazom na mas\u00e1\u017e to vyrie\u0161ite jednoducho, r\u00fdchlo!<br \/>\nDar\u010dekov\u00fd poukaz dostanete po zaplaten\u00ed na v\u00e1\u0161 email, preto je skvelou vo\u013ebou na LAST MINUTE DAR\u010cEK.<\/p>\n<p>~ 20 min \u2013 tv\u00e1r<\/p>\n<p><span style=\"color: #967a50;\"><strong><small><small>DOPL\u0147UJ\u00daCE INFORM\u00c1CIE:<\/small><\/small><\/strong><small><small>\u00a0Rezerv\u00e1cia je nutn\u00e1 vopred.<\/small><\/small><\/span><\/p>\n","protected":false},"featured_media":17269,"template":"","meta":[],"product_brand":[],"product_cat":[79],"product_tag":[],"class_list":{"0":"post-17240","1":"product","2":"type-product","3":"status-publish","4":"has-post-thumbnail","6":"product_cat-darcekove-poukazy","8":"first","9":"instock","10":"virtual","11":"sold-individually","12":"taxable","13":"purchasable","14":"product-type-simple"},"publishpress_future_workflow_manual_trigger":{"enabledWorkflows":[]},"_links":{"self":[{"href":"https:\/\/www.hoteltenis.sk\/eshop\/wp-json\/wp\/v2\/product\/17240","targetHints":{"allow":["GET"]}}],"collection":[{"href":"https:\/\/www.hoteltenis.sk\/eshop\/wp-json\/wp\/v2\/product"}],"about":[{"href":"https:\/\/www.hoteltenis.sk\/eshop\/wp-json\/wp\/v2\/types\/product"}],"wp:featuredmedia":[{"embeddable":true,"href":"https:\/\/www.hoteltenis.sk\/eshop\/wp-json\/wp\/v2\/media\/17269"}],"wp:attachment":[{"href":"https:\/\/www.hoteltenis.sk\/eshop\/wp-json\/wp\/v2\/media?parent=17240"}],"wp:term":[{"taxonomy":"product_brand","embeddable":true,"href":"https:\/\/www.hoteltenis.sk\/eshop\/wp-json\/wp\/v2\/product_brand?post=17240"},{"taxonomy":"product_cat","embeddable":true,"href":"https:\/\/www.hoteltenis.sk\/eshop\/wp-json\/wp\/v2\/product_cat?post=17240"},{"taxonomy":"product_tag","embeddable":true,"href":"https:\/\/www.hoteltenis.sk\/eshop\/wp-json\/wp\/v2\/product_tag?post=17240"}],"curies":[{"name":"wp","href":"https:\/\/api.w.org\/{rel}","templated":true}]}}