{"id":17239,"date":"2023-03-27T09:01:38","date_gmt":"2023-03-27T08:01:38","guid":{"rendered":"https:\/\/www.hoteltenis.sk\/?post_type=product&#038;p=17239"},"modified":"2023-03-27T09:02:35","modified_gmt":"2023-03-27T08:02:35","slug":"sportova-masaz-15-min","status":"publish","type":"product","link":"https:\/\/www.hoteltenis.sk\/darcekove-poukazy\/sportova-masaz-15-min\/","title":{"rendered":"\u0160portov\u00e1 mas\u00e1\u017e 15 min"},"content":{"rendered":"<div class=\"wpb_text_column wpb_content_element \">\n<div class=\"wpb_wrapper\">\n<h4>\u0160PORTOV\u00c1 MAS\u00c1\u017d<\/h4>\n<\/div>\n<\/div>\n<div class=\"wpb_text_column wpb_content_element \">\n<div class=\"wpb_wrapper\">\n<p class=\"teaser\">\u0160portov\u00e1 mas\u00e1\u017e je \u0161pecifick\u00fd druh klasickej mas\u00e1\u017ee. Mas\u00e1\u017e uvo\u013en\u00ed svaly, vylad\u00ed svalov\u00e9 nap\u00e4tie, zlep\u0161\u00ed krvn\u00fd obeh a lymfatick\u00fd obeh, pretiahne spojivov\u00e9 tkaniv\u00e1 k\u013abov. Tento typ mas\u00e1\u017ee je preveden\u00fd vo vy\u0161\u0161om tempe s v\u00e4\u010d\u0161ou intenzitou tlaku i frekvencie jednotliv\u00fdch \u0165ahov. Vhodn\u00e1 je najm\u00e4 po nadmernom za\u0165a\u017een\u00ed, u netr\u00e9novan\u00fdch pred v\u00fdkonom, takisto aj pri dostaven\u00ed sa svalovej hor\u00fa\u010dky po v\u00fdkone.<\/p>\n<a href=\"https:\/\/www.hoteltenis.sk\/masaze-zabalova-terapia\/\" class=\"calluna-button btn btn-primary medium style-2   \" target=\"_self\" title=\"PONUKA MAS\u00c1\u017d\u00cd\" rel=\"\"><span class=\"calluna-button-inner\">PONUKA MAS\u00c1\u017d\u00cd<\/span><\/a>\n<\/div>\n<\/div>\n","protected":false},"excerpt":{"rendered":"<p>Neviete, \u010do presne by va\u0161ich bl\u00edzkych pote\u0161ilo? S na\u0161im dar\u010dekov\u00fdm poukazom na mas\u00e1\u017e to vyrie\u0161ite jednoducho, r\u00fdchlo!<br \/>\nDar\u010dekov\u00fd poukaz dostanete po zaplaten\u00ed na v\u00e1\u0161 email, preto je skvelou vo\u013ebou na LAST MINUTE DAR\u010cEK.<\/p>\n<p>~ 15 min \u2013\u00a0 chrb\u00e1t<\/p>\n<p><span style=\"color: #967a50;\"><strong><small><small>DOPL\u0147UJ\u00daCE INFORM\u00c1CIE:<\/small><\/small><\/strong><small><small>\u00a0Rezerv\u00e1cia je nutn\u00e1 vopred.<\/small><\/small><\/span><\/p>\n","protected":false},"featured_media":17117,"template":"","meta":[],"product_brand":[],"product_cat":[79],"product_tag":[],"class_list":{"0":"post-17239","1":"product","2":"type-product","3":"status-publish","4":"has-post-thumbnail","6":"product_cat-darcekove-poukazy","8":"first","9":"instock","10":"virtual","11":"sold-individually","12":"taxable","13":"purchasable","14":"product-type-simple"},"publishpress_future_workflow_manual_trigger":{"enabledWorkflows":[]},"_links":{"self":[{"href":"https:\/\/www.hoteltenis.sk\/eshop\/wp-json\/wp\/v2\/product\/17239","targetHints":{"allow":["GET"]}}],"collection":[{"href":"https:\/\/www.hoteltenis.sk\/eshop\/wp-json\/wp\/v2\/product"}],"about":[{"href":"https:\/\/www.hoteltenis.sk\/eshop\/wp-json\/wp\/v2\/types\/product"}],"wp:featuredmedia":[{"embeddable":true,"href":"https:\/\/www.hoteltenis.sk\/eshop\/wp-json\/wp\/v2\/media\/17117"}],"wp:attachment":[{"href":"https:\/\/www.hoteltenis.sk\/eshop\/wp-json\/wp\/v2\/media?parent=17239"}],"wp:term":[{"taxonomy":"product_brand","embeddable":true,"href":"https:\/\/www.hoteltenis.sk\/eshop\/wp-json\/wp\/v2\/product_brand?post=17239"},{"taxonomy":"product_cat","embeddable":true,"href":"https:\/\/www.hoteltenis.sk\/eshop\/wp-json\/wp\/v2\/product_cat?post=17239"},{"taxonomy":"product_tag","embeddable":true,"href":"https:\/\/www.hoteltenis.sk\/eshop\/wp-json\/wp\/v2\/product_tag?post=17239"}],"curies":[{"name":"wp","href":"https:\/\/api.w.org\/{rel}","templated":true}]}}