{"id":17124,"date":"2023-03-07T21:31:05","date_gmt":"2023-03-07T20:31:05","guid":{"rendered":"https:\/\/www.hoteltenis.sk\/?post_type=product&#038;p=17124"},"modified":"2023-04-11T12:53:18","modified_gmt":"2023-04-11T11:53:18","slug":"reflexna-masaz-20-min","status":"publish","type":"product","link":"https:\/\/www.hoteltenis.sk\/darcekove-poukazy\/reflexna-masaz-20-min\/","title":{"rendered":"Reflexn\u00e1 mas\u00e1\u017e"},"content":{"rendered":"<h4>REFLEXN\u00c1 MAS\u00c1\u017d<\/h4>\n<p>Reflexn\u00e1 mas\u00e1\u017e je jedn\u00fdm z druhov reflexnej terapie. Princ\u00edp tejto met\u00f3dy spo\u010d\u00edva v p\u00f4soben\u00ed tlakom na nervov\u00e9 zakon\u010denia na chodidl\u00e1ch, ktor\u00e9 s\u00fa mapou cel\u00e9ho tela od pohybov\u00e9ho apar\u00e1tu a\u017e po vn\u00fatorn\u00e9 org\u00e1ny. Taktie\u017e je pri mas\u00e1\u017ei mo\u017en\u00e9 p\u00f4sobi\u0165 aj na koncov\u00e9 body energetick\u00fdch dr\u00e1h, \u010dim je mo\u017en\u00e9 zlep\u0161i\u0165 funkciu v\u0161etk\u00fdch syst\u00e9mov tela.<\/p>\n<p>&nbsp;<\/p>\n<a href=\"https:\/\/www.hoteltenis.sk\/masaze-zabalova-terapia\/\" class=\"calluna-button btn btn-primary medium style-2   \" target=\"_self\" title=\"PONUKA MAS\u00c1\u017d\u00cd\" rel=\"\"><span class=\"calluna-button-inner\">PONUKA MAS\u00c1\u017d\u00cd<\/span><\/a>\n","protected":false},"excerpt":{"rendered":"<p>Neviete, \u010do presne by va\u0161ich bl\u00edzkych pote\u0161ilo? S na\u0161im dar\u010dekov\u00fdm poukazom na mas\u00e1\u017e to vyrie\u0161ite jednoducho, r\u00fdchlo!<br \/>\nDar\u010dekov\u00fd poukaz dostanete po zaplaten\u00ed na v\u00e1\u0161 email, preto je skvelou vo\u013ebou na LAST MINUTE DAR\u010cEK.<\/p>\n<p>~ 20 min \u2013 chodidl\u00e1<\/p>\n<p><span style=\"color: #967a50;\"><strong><small><small>DOPL\u0147UJ\u00daCE INFORM\u00c1CIE:<\/small><\/small><\/strong><small><small>\u00a0Rezerv\u00e1cia je nutn\u00e1 vopred.<\/small><\/small><\/span><\/p>\n","protected":false},"featured_media":17121,"template":"","meta":[],"product_brand":[],"product_cat":[79],"product_tag":[],"class_list":{"0":"post-17124","1":"product","2":"type-product","3":"status-publish","4":"has-post-thumbnail","6":"product_cat-darcekove-poukazy","8":"first","9":"instock","10":"virtual","11":"sold-individually","12":"taxable","13":"purchasable","14":"product-type-simple"},"publishpress_future_workflow_manual_trigger":{"enabledWorkflows":[]},"_links":{"self":[{"href":"https:\/\/www.hoteltenis.sk\/eshop\/wp-json\/wp\/v2\/product\/17124","targetHints":{"allow":["GET"]}}],"collection":[{"href":"https:\/\/www.hoteltenis.sk\/eshop\/wp-json\/wp\/v2\/product"}],"about":[{"href":"https:\/\/www.hoteltenis.sk\/eshop\/wp-json\/wp\/v2\/types\/product"}],"wp:featuredmedia":[{"embeddable":true,"href":"https:\/\/www.hoteltenis.sk\/eshop\/wp-json\/wp\/v2\/media\/17121"}],"wp:attachment":[{"href":"https:\/\/www.hoteltenis.sk\/eshop\/wp-json\/wp\/v2\/media?parent=17124"}],"wp:term":[{"taxonomy":"product_brand","embeddable":true,"href":"https:\/\/www.hoteltenis.sk\/eshop\/wp-json\/wp\/v2\/product_brand?post=17124"},{"taxonomy":"product_cat","embeddable":true,"href":"https:\/\/www.hoteltenis.sk\/eshop\/wp-json\/wp\/v2\/product_cat?post=17124"},{"taxonomy":"product_tag","embeddable":true,"href":"https:\/\/www.hoteltenis.sk\/eshop\/wp-json\/wp\/v2\/product_tag?post=17124"}],"curies":[{"name":"wp","href":"https:\/\/api.w.org\/{rel}","templated":true}]}}