{"id":17001,"date":"2023-02-15T09:58:57","date_gmt":"2023-02-15T08:58:57","guid":{"rendered":"https:\/\/www.hoteltenis.sk\/?post_type=product&#038;p=17001"},"modified":"2023-04-11T12:53:58","modified_gmt":"2023-04-11T11:53:58","slug":"cokoladova_masaz_90_min","status":"publish","type":"product","link":"https:\/\/www.hoteltenis.sk\/darcekove-poukazy\/cokoladova_masaz_90_min\/","title":{"rendered":"\u010cokol\u00e1dov\u00e1 mas\u00e1\u017e"},"content":{"rendered":"<h4>\u010cOKOL\u00c1DOV\u00c1 MAS\u00c1\u017d<\/h4>\n<p>\u010cokol\u00e1dov\u00fa mas\u00e1\u017e by sme mohli nazva\u0165 perlou mas\u00e1\u017e\u00ed a skr\u00e1\u0161\u013euj\u00facich proced\u00far. Jej jedine\u010dnos\u0165 spo\u010d\u00edva vo vyhladen\u00ed a skr\u00e1\u0161len\u00ed poko\u017eky, pom\u00e1ha pri probl\u00e9moch s celulit\u00eddou a prispieva na z\u00edskanie dobrej n\u00e1lady, odplavenie toxick\u00fdch l\u00e1tok, \u010di uvo\u013enenie stuhnut\u00fdch svalov. V\u010faka mas\u00e1\u017ei a z\u00e1balu telo cez poko\u017eku vstreb\u00e1va vitam\u00edny, aminokyseliny, miner\u00e1ly a antioxidanty a n\u00e1sledne harmonizuje cel\u00e9 telo.<\/p>\n<a href=\"https:\/\/www.hoteltenis.sk\/masaze-zabalova-terapia\/\" class=\"calluna-button btn btn-primary small style-2   \" target=\"_self\" title=\"ponuka mas\u00e1\u017e\u00ed\" rel=\"\"><span class=\"calluna-button-inner\">ponuka mas\u00e1\u017e\u00ed<\/span><\/a>\n","protected":false},"excerpt":{"rendered":"<div class=\"woocommerce-product-details__short-description\">\n<p>Neviete, \u010do presne by va\u0161ich bl\u00edzkych pote\u0161ilo? S na\u0161im dar\u010dekov\u00fdm poukazom na mas\u00e1\u017e to vyrie\u0161ite jednoducho, r\u00fdchlo!<br \/>\nDar\u010dekov\u00fd poukaz dostanete po zaplaten\u00ed na v\u00e1\u0161 email, preto je skvelou vo\u013ebou na LAST MINUTE DAR\u010cEK.<\/p>\n<p>~ 90 min \u2013 peeling, mas\u00e1\u017e, z\u00e1bal<\/p>\n<p><span style=\"color: #967a50;\"><strong><small><small>DOPL\u0147UJ\u00daCE INFORM\u00c1CIE:<\/small><\/small><\/strong><small><small> Rezerv\u00e1cia je nutn\u00e1 vopred.<\/small><\/small><\/span><\/p>\n<\/div>\n","protected":false},"featured_media":17002,"template":"","meta":[],"product_brand":[],"product_cat":[79],"product_tag":[],"class_list":{"0":"post-17001","1":"product","2":"type-product","3":"status-publish","4":"has-post-thumbnail","6":"product_cat-darcekove-poukazy","8":"first","9":"instock","10":"virtual","11":"sold-individually","12":"taxable","13":"purchasable","14":"product-type-simple"},"publishpress_future_workflow_manual_trigger":{"enabledWorkflows":[]},"_links":{"self":[{"href":"https:\/\/www.hoteltenis.sk\/eshop\/wp-json\/wp\/v2\/product\/17001","targetHints":{"allow":["GET"]}}],"collection":[{"href":"https:\/\/www.hoteltenis.sk\/eshop\/wp-json\/wp\/v2\/product"}],"about":[{"href":"https:\/\/www.hoteltenis.sk\/eshop\/wp-json\/wp\/v2\/types\/product"}],"wp:featuredmedia":[{"embeddable":true,"href":"https:\/\/www.hoteltenis.sk\/eshop\/wp-json\/wp\/v2\/media\/17002"}],"wp:attachment":[{"href":"https:\/\/www.hoteltenis.sk\/eshop\/wp-json\/wp\/v2\/media?parent=17001"}],"wp:term":[{"taxonomy":"product_brand","embeddable":true,"href":"https:\/\/www.hoteltenis.sk\/eshop\/wp-json\/wp\/v2\/product_brand?post=17001"},{"taxonomy":"product_cat","embeddable":true,"href":"https:\/\/www.hoteltenis.sk\/eshop\/wp-json\/wp\/v2\/product_cat?post=17001"},{"taxonomy":"product_tag","embeddable":true,"href":"https:\/\/www.hoteltenis.sk\/eshop\/wp-json\/wp\/v2\/product_tag?post=17001"}],"curies":[{"name":"wp","href":"https:\/\/api.w.org\/{rel}","templated":true}]}}