{"id":16750,"date":"2022-11-24T12:34:12","date_gmt":"2022-11-24T11:34:12","guid":{"rendered":"https:\/\/www.hoteltenis.sk\/?post_type=product&#038;p=16750"},"modified":"2023-04-11T12:12:51","modified_gmt":"2023-04-11T11:12:51","slug":"masaz-lavovymi-kamenmi-60-min","status":"publish","type":"product","link":"https:\/\/www.hoteltenis.sk\/darcekove-poukazy\/masaz-lavovymi-kamenmi-60-min\/","title":{"rendered":"Mas\u00e1\u017e l\u00e1vov\u00fdmi kame\u0148mi 60 min"},"content":{"rendered":"<div class=\"wpb_text_column wpb_content_element \">\n<div class=\"wpb_wrapper\">\n<h4>MAS\u00c1\u017d L\u00c1VOV\u00ddMI KAME\u0147MI<\/h4>\n<\/div>\n<\/div>\n<div class=\"wpb_text_column wpb_content_element \">\n<div class=\"wpb_wrapper\">\n<p class=\"teaser\">Mas\u00e1\u017e hor\u00facimi l\u00e1vov\u00fdmi kame\u0148mi patr\u00ed medzi najlep\u0161ie terapie na celkov\u00fa relax\u00e1ciu a regener\u00e1ciu organizmu. T\u00e1to mas\u00e1\u017e sa vykon\u00e1va pomocou \u0161peci\u00e1lnych mas\u00e1\u017enych hmatov a tepl\u00fdch l\u00e1vov\u00fdch kame\u0148ov. Mas\u00e1\u017e l\u00e1vov\u00fdmi kame\u0148mi prin\u00e1\u0161a uvo\u013enenie, odstra\u0148uje nap\u00e4tie a stres, zlep\u0161uje krvn\u00fd obeh a metabolizmus, harmonizuje meridi\u00e1ny a \u010dakry.<\/p>\n<a href=\"https:\/\/www.hoteltenis.sk\/masaze-zabalova-terapia\/\" class=\"calluna-button btn btn-primary small style-2   \" target=\"_self\" title=\"ponuka mas\u00e1\u017e\u00ed\" rel=\"\"><span class=\"calluna-button-inner\">ponuka mas\u00e1\u017e\u00ed<\/span><\/a>\n<p>&nbsp;<\/p>\n<\/div>\n<\/div>\n","protected":false},"excerpt":{"rendered":"<p>Neviete, \u010do presne by va\u0161ich bl\u00edzkych pote\u0161ilo? S na\u0161im dar\u010dekov\u00fdm poukazom na mas\u00e1\u017e to vyrie\u0161ite jednoducho, r\u00fdchlo!<br \/>\nDar\u010dekov\u00fd poukaz dostanete po zaplaten\u00ed na v\u00e1\u0161 email, preto je skvelou vo\u013ebou na LAST MINUTE DAR\u010cEK.<\/p>\n<p>~ 60 min &#8211; chrb\u00e1t<\/p>\n<p><span style=\"color: #967a50;\"><strong><small><small>DOPL\u0147UJ\u00daCE INFORM\u00c1CIE:<\/small><\/small><\/strong><small><small> Rezerv\u00e1cia je nutn\u00e1 vopred.<\/small><\/small><\/span><\/p>\n","protected":false},"featured_media":16751,"template":"","meta":[],"product_brand":[],"product_cat":[79],"product_tag":[],"class_list":{"0":"post-16750","1":"product","2":"type-product","3":"status-publish","4":"has-post-thumbnail","6":"product_cat-darcekove-poukazy","8":"first","9":"instock","10":"virtual","11":"sold-individually","12":"taxable","13":"purchasable","14":"product-type-simple"},"publishpress_future_workflow_manual_trigger":{"enabledWorkflows":[]},"_links":{"self":[{"href":"https:\/\/www.hoteltenis.sk\/eshop\/wp-json\/wp\/v2\/product\/16750","targetHints":{"allow":["GET"]}}],"collection":[{"href":"https:\/\/www.hoteltenis.sk\/eshop\/wp-json\/wp\/v2\/product"}],"about":[{"href":"https:\/\/www.hoteltenis.sk\/eshop\/wp-json\/wp\/v2\/types\/product"}],"wp:featuredmedia":[{"embeddable":true,"href":"https:\/\/www.hoteltenis.sk\/eshop\/wp-json\/wp\/v2\/media\/16751"}],"wp:attachment":[{"href":"https:\/\/www.hoteltenis.sk\/eshop\/wp-json\/wp\/v2\/media?parent=16750"}],"wp:term":[{"taxonomy":"product_brand","embeddable":true,"href":"https:\/\/www.hoteltenis.sk\/eshop\/wp-json\/wp\/v2\/product_brand?post=16750"},{"taxonomy":"product_cat","embeddable":true,"href":"https:\/\/www.hoteltenis.sk\/eshop\/wp-json\/wp\/v2\/product_cat?post=16750"},{"taxonomy":"product_tag","embeddable":true,"href":"https:\/\/www.hoteltenis.sk\/eshop\/wp-json\/wp\/v2\/product_tag?post=16750"}],"curies":[{"name":"wp","href":"https:\/\/api.w.org\/{rel}","templated":true}]}}