{"id":16622,"date":"2022-11-07T18:30:51","date_gmt":"2022-11-07T17:30:51","guid":{"rendered":"https:\/\/www.hoteltenis.sk\/?post_type=product&#038;p=16622"},"modified":"2025-06-05T14:27:41","modified_gmt":"2025-06-05T13:27:41","slug":"plavecka-hodinka","status":"publish","type":"product","link":"https:\/\/www.hoteltenis.sk\/darcekove-poukazy\/plavecka-hodinka\/","title":{"rendered":"Plaveck\u00e1 hodinka: 13-99 rokov"},"content":{"rendered":"<p>Vo wellness centre TenSpa n\u00e1jdete plaveck\u00fd baz\u00e9n so \u0161tyrmi dr\u00e1hami, relaxa\u010dn\u00fd baz\u00e9n s v\u00edrivkou a detsk\u00fd baz\u00e9n s vodn\u00fdmi atrakciami. Pravideln\u00e9 pl\u00e1vanie je prospe\u0161n\u00e9 pre va\u0161e zdravie, tak sa pridajte do na\u0161ej plaveckej komunity.<\/p>\n","protected":false},"excerpt":{"rendered":"<p>Neviete, \u010do presne by va\u0161ich bl\u00edzkych pote\u0161ilo? S na\u0161im dar\u010dekov\u00fdm poukazom &#8222;Plaveck\u00e1 hodinka&#8220; to vyrie\u0161ite jednoducho, r\u00fdchlo!<\/p>\n<p>Dar\u010dekov\u00fd poukaz dostanete hne\u010f po zaplaten\u00ed na v\u00e1\u0161 email, preto je skvelou vo\u013ebou na last minute dar\u010dek.<\/p>\n<p><span style=\"color: #967a50;\"><strong><small><small>DOPL\u0147UJ\u00daCE INFORM\u00c1CIE: <\/small><\/small><\/strong><small><small>Vstup pre osobu od 16 rokov plat\u00ed na 90 min\u00fat a z toho je vy\u010dlenen\u00fdch 60 min\u00fat na pl\u00e1vanie a 30 min\u00fat na osobn\u00fa hygienu a prezle\u010denie.<\/small><\/small><\/span><\/p>\n","protected":false},"featured_media":21438,"template":"","meta":[],"product_brand":[],"product_cat":[79],"product_tag":[],"class_list":{"0":"post-16622","1":"product","2":"type-product","3":"status-publish","4":"has-post-thumbnail","6":"product_cat-darcekove-poukazy","8":"first","9":"instock","10":"virtual","11":"sold-individually","12":"taxable","13":"purchasable","14":"product-type-simple"},"publishpress_future_workflow_manual_trigger":{"enabledWorkflows":[]},"_links":{"self":[{"href":"https:\/\/www.hoteltenis.sk\/eshop\/wp-json\/wp\/v2\/product\/16622","targetHints":{"allow":["GET"]}}],"collection":[{"href":"https:\/\/www.hoteltenis.sk\/eshop\/wp-json\/wp\/v2\/product"}],"about":[{"href":"https:\/\/www.hoteltenis.sk\/eshop\/wp-json\/wp\/v2\/types\/product"}],"wp:featuredmedia":[{"embeddable":true,"href":"https:\/\/www.hoteltenis.sk\/eshop\/wp-json\/wp\/v2\/media\/21438"}],"wp:attachment":[{"href":"https:\/\/www.hoteltenis.sk\/eshop\/wp-json\/wp\/v2\/media?parent=16622"}],"wp:term":[{"taxonomy":"product_brand","embeddable":true,"href":"https:\/\/www.hoteltenis.sk\/eshop\/wp-json\/wp\/v2\/product_brand?post=16622"},{"taxonomy":"product_cat","embeddable":true,"href":"https:\/\/www.hoteltenis.sk\/eshop\/wp-json\/wp\/v2\/product_cat?post=16622"},{"taxonomy":"product_tag","embeddable":true,"href":"https:\/\/www.hoteltenis.sk\/eshop\/wp-json\/wp\/v2\/product_tag?post=16622"}],"curies":[{"name":"wp","href":"https:\/\/api.w.org\/{rel}","templated":true}]}}