{"id":16620,"date":"2022-11-07T18:30:50","date_gmt":"2022-11-07T17:30:50","guid":{"rendered":"https:\/\/www.hoteltenis.sk\/?post_type=product&#038;p=16620"},"modified":"2025-12-01T14:58:41","modified_gmt":"2025-12-01T13:58:41","slug":"darcekovy-poukaz-70e","status":"publish","type":"product","link":"https:\/\/www.hoteltenis.sk\/darcekove-poukazy\/darcekovy-poukaz-70e\/","title":{"rendered":"Poukaz na hodnotu"},"content":{"rendered":"<p>Dan\u00fa hodnotu m\u00f4\u017ee obdarovan\u00fd vy\u010derpa\u0165 na ubytovanie, gastro slu\u017eby alebo na vstup na \u0161portovisk\u00e1 (napr: tenis, z\u00e1bavn\u00fd golf, vodn\u00fd svet a in\u00e9 aktu\u00e1lne dostupn\u00e9 aktivity). \u010cerpanie hodnoty je jednorazov\u00e9, preto je nutn\u00e9 sumu min\u00fa\u0165 naraz v jeden de\u0148. Slu\u017eby je mo\u017en\u00e9 kombinova\u0165 a v pr\u00edpade presiahnutia hodnoty poukazu je mo\u017en\u00e9 zvy\u0161n\u00fa \u010das\u0165 doplati\u0165 na mieste v hotovosti alebo kartou. Z poukazu sa nevyd\u00e1va.<\/p>\n","protected":false},"excerpt":{"rendered":"<p>Neviete, \u010do presne by va\u0161ich bl\u00edzkych pote\u0161ilo? S na\u0161im dar\u010dekov\u00fdm poukazom v hodnote 70 eur to vyrie\u0161ite jednoducho, r\u00fdchlo!<br \/>\nDar\u010dekov\u00fd poukaz dostanete po zaplaten\u00ed na v\u00e1\u0161 email, preto je skvelou vo\u013ebou na LAST MINUTE DAR\u010cEK.<\/p>\n<p><span style=\"color: #967a50;\"><strong><small><small>DOPL\u0147UJ\u00daCE INFORM\u00c1CIE: <\/small><\/small><\/strong><small><small>Rezerv\u00e1cia slu\u017eieb je nutn\u00e1 vopred. Hodnotu poukazu je nutn\u00e9 min\u00fa\u0165 jednorazovo.<\/small><\/small><\/span><strong><small><small><br \/>\n<\/small><\/small><\/strong><\/p>\n","protected":false},"featured_media":16627,"template":"","meta":[],"product_brand":[],"product_cat":[79],"product_tag":[],"class_list":{"0":"post-16620","1":"product","2":"type-product","3":"status-publish","4":"has-post-thumbnail","6":"product_cat-darcekove-poukazy","8":"first","9":"instock","10":"virtual","11":"sold-individually","12":"taxable","13":"purchasable","14":"product-type-simple"},"publishpress_future_workflow_manual_trigger":{"enabledWorkflows":[]},"_links":{"self":[{"href":"https:\/\/www.hoteltenis.sk\/eshop\/wp-json\/wp\/v2\/product\/16620","targetHints":{"allow":["GET"]}}],"collection":[{"href":"https:\/\/www.hoteltenis.sk\/eshop\/wp-json\/wp\/v2\/product"}],"about":[{"href":"https:\/\/www.hoteltenis.sk\/eshop\/wp-json\/wp\/v2\/types\/product"}],"wp:featuredmedia":[{"embeddable":true,"href":"https:\/\/www.hoteltenis.sk\/eshop\/wp-json\/wp\/v2\/media\/16627"}],"wp:attachment":[{"href":"https:\/\/www.hoteltenis.sk\/eshop\/wp-json\/wp\/v2\/media?parent=16620"}],"wp:term":[{"taxonomy":"product_brand","embeddable":true,"href":"https:\/\/www.hoteltenis.sk\/eshop\/wp-json\/wp\/v2\/product_brand?post=16620"},{"taxonomy":"product_cat","embeddable":true,"href":"https:\/\/www.hoteltenis.sk\/eshop\/wp-json\/wp\/v2\/product_cat?post=16620"},{"taxonomy":"product_tag","embeddable":true,"href":"https:\/\/www.hoteltenis.sk\/eshop\/wp-json\/wp\/v2\/product_tag?post=16620"}],"curies":[{"name":"wp","href":"https:\/\/api.w.org\/{rel}","templated":true}]}}